{"id":12,"date":"2014-07-12T14:05:55","date_gmt":"2014-07-12T12:05:55","guid":{"rendered":"http:\/\/klassiksaiten.de\/?page_id=12"},"modified":"2014-07-12T14:05:55","modified_gmt":"2014-07-12T12:05:55","slug":"hense-classical-guitar-strings","status":"publish","type":"page","link":"https:\/\/klassiksaiten.de\/?page_id=12","title":{"rendered":"henSe classical guitar strings"},"content":{"rendered":"<p style=\"margin-right: 0.8cm; margin-bottom: 0cm;\"><em><span style=\"font-family: Tahoma, sans-serif;\"><span style=\"font-size: small;\"><span style=\"font-style: normal;\">&#8211; nach unseren Spezifikationen mit gr\u00f6\u00dfter Sorgfalt und Pr\u00e4zision hergestellt<\/span><\/span><\/span><\/em><\/p>\n<p style=\"margin-right: 0.8cm; margin-bottom: 0cm;\"><em><span style=\"font-family: Tahoma, sans-serif;\"><span style=\"font-size: small;\"><span style=\"font-style: normal;\">&#8211; entwickelt aus der Erfahrung von mehr als 20 Jahren Saitenverkauf und weltweiter Beratung von Musikern und Herstellern<\/span><\/span><\/span><\/em><\/p>\n<p style=\"margin-right: 0.8cm;\">\n<p style=\"margin-right: 0.8cm;\"><em><span style=\"font-family: Tahoma, sans-serif;\"><span style=\"font-size: small;\"><span style=\"font-style: normal;\">&#8211; handmade in Europe with material and specifications Martin Hense developed through more than 20 years of selling strings and consulting both musicans and manufacturers all over the world.<\/span><\/span><\/span><\/em><\/p>\n<p style=\"margin-right: 0.8cm;\"><em><span style=\"font-family: Tahoma, sans-serif;\"><span style=\"font-size: small;\"><span style=\"font-style: normal;\">&#8211; made with precision German engineering<\/span><\/span><\/span><\/em><\/p>\n<p style=\"margin-right: 0.8cm;\"><em><span style=\"font-family: Tahoma, sans-serif;\"><span style=\"font-size: small;\"><span style=\"font-style: normal;\">&#8211; developed from decades of selling strings<\/span><\/span><\/span><\/em><\/p>\n","protected":false},"excerpt":{"rendered":"<p>&#8211; nach unseren Spezifikationen mit gr\u00f6\u00dfter Sorgfalt und Pr\u00e4zision hergestellt &#8211; entwickelt aus der Erfahrung von mehr als 20 Jahren Saitenverkauf und weltweiter Beratung von Musikern und Herstellern &#8211; handmade in Europe with material and specifications Martin Hense developed through more than 20 years of selling strings and consulting both musicans and manufacturers all over [&hellip;]<\/p>\n","protected":false},"author":1,"featured_media":0,"parent":0,"menu_order":0,"comment_status":"closed","ping_status":"open","template":"","meta":[],"_links":{"self":[{"href":"https:\/\/klassiksaiten.de\/index.php?rest_route=\/wp\/v2\/pages\/12"}],"collection":[{"href":"https:\/\/klassiksaiten.de\/index.php?rest_route=\/wp\/v2\/pages"}],"about":[{"href":"https:\/\/klassiksaiten.de\/index.php?rest_route=\/wp\/v2\/types\/page"}],"author":[{"embeddable":true,"href":"https:\/\/klassiksaiten.de\/index.php?rest_route=\/wp\/v2\/users\/1"}],"replies":[{"embeddable":true,"href":"https:\/\/klassiksaiten.de\/index.php?rest_route=%2Fwp%2Fv2%2Fcomments&post=12"}],"version-history":[{"count":2,"href":"https:\/\/klassiksaiten.de\/index.php?rest_route=\/wp\/v2\/pages\/12\/revisions"}],"predecessor-version":[{"id":14,"href":"https:\/\/klassiksaiten.de\/index.php?rest_route=\/wp\/v2\/pages\/12\/revisions\/14"}],"wp:attachment":[{"href":"https:\/\/klassiksaiten.de\/index.php?rest_route=%2Fwp%2Fv2%2Fmedia&parent=12"}],"curies":[{"name":"wp","href":"https:\/\/api.w.org\/{rel}","templated":true}]}}